{"id":229,"date":"2018-11-10T19:36:43","date_gmt":"2018-11-10T18:36:43","guid":{"rendered":"https:\/\/heizzeit.com\/wordpress\/?page_id=229"},"modified":"2018-11-10T23:17:12","modified_gmt":"2018-11-10T22:17:12","slug":"produkte","status":"publish","type":"page","link":"https:\/\/heizzeit.com\/wordpress\/produkte\/","title":{"rendered":"Produkte"},"content":{"rendered":"\t\t<div data-elementor-type=\"wp-post\" data-elementor-id=\"229\" class=\"elementor elementor-229 elementor-bc-flex-widget\">\n\t\t\t\t\t\t<div class=\"elementor-inner\">\n\t\t\t\t<div class=\"elementor-section-wrap\">\n\t\t\t\t\t\t\t\t\t<section class=\"elementor-section elementor-top-section elementor-element elementor-element-3ed363d2 elementor-section-boxed elementor-section-height-default elementor-section-height-default\" data-id=\"3ed363d2\" data-element_type=\"section\">\n\t\t\t\t\t\t<div class=\"elementor-container elementor-column-gap-default\">\n\t\t\t\t\t\t\t<div class=\"elementor-row\">\n\t\t\t\t\t<div class=\"elementor-column elementor-col-50 elementor-top-column elementor-element elementor-element-74f38774\" data-id=\"74f38774\" data-element_type=\"column\">\n\t\t\t<div class=\"elementor-column-wrap elementor-element-populated\">\n\t\t\t\t\t\t\t<div class=\"elementor-widget-wrap\">\n\t\t\t\t\t\t<div class=\"elementor-element elementor-element-2fdc1bc9 elementor-widget elementor-widget-text-editor\" data-id=\"2fdc1bc9\" data-element_type=\"widget\" data-widget_type=\"text-editor.default\">\n\t\t\t\t<div class=\"elementor-widget-container\">\n\t\t\t\t\t\t\t\t<div class=\"elementor-text-editor elementor-clearfix\">\n\t\t\t\t<p style=\"text-align: left;\"><span style=\"font-size: 18pt; color: #f3be08;\"><strong>Kammergetrocknetes Brennholz\u00a0 <br \/><span style=\"font-size: 14pt;\">Das hochwertigste Brenn- und Kaminholz<\/span><\/strong><\/span><\/p>\t\t\t\t\t<\/div>\n\t\t\t\t\t\t<\/div>\n\t\t\t\t<\/div>\n\t\t\t\t<div class=\"elementor-element elementor-element-73628641 elementor-widget elementor-widget-text-editor\" data-id=\"73628641\" data-element_type=\"widget\" data-widget_type=\"text-editor.default\">\n\t\t\t\t<div class=\"elementor-widget-container\">\n\t\t\t\t\t\t\t\t<div class=\"elementor-text-editor elementor-clearfix\">\n\t\t\t\t<p style=\"text-align: left;\"><br \/>Wieso ist kammergetrocknetes Brennholz hochwertiger als luftgetrocknetes Brennholz? Hier gibt es gleich mehrere Kriterien. Technisch getrocknetes Brennholz erreicht eine gleichm\u00e4\u00dfig geringe Restfeuchte und ist frei von Ungeziefer und Schimmel. Das Holz ist sehr sauber und besonderes dekorativ.<\/p><p style=\"text-align: left;\">Speziell im Bereich des kammergetrockneten Holzes bieten wir mit Hainbuche, Rotbuche und Esche Holzsorten an, die den h\u00f6chsten Brennwert und eine optimale Eigenschaft als Brennholz besitzen. Unser Sortiment, das bisher aus Rot- und Hainbuche bestand, wurde bewusst um die Esche erg\u00e4nzt. Dass die Buche als optimales Brennholz gilt, wissen die meisten Menschen in unserer Region. Dass die Esche den gleichen Brennwert hat und mit einem herrlichen Flammenbild auftrumpfen kann, wissen jedoch nur die Wenigsten.<\/p><p style=\"text-align: left;\">F\u00fcr unser Brennholz garantieren wir zu jeder Jahreszeit eine optimale Qualit\u00e4t!<\/p>\t\t\t\t\t<\/div>\n\t\t\t\t\t\t<\/div>\n\t\t\t\t<\/div>\n\t\t\t\t\t\t<\/div>\n\t\t\t\t\t<\/div>\n\t\t<\/div>\n\t\t\t\t<div class=\"elementor-column elementor-col-50 elementor-top-column elementor-element elementor-element-1de95e6d animated-slow elementor-invisible\" data-id=\"1de95e6d\" data-element_type=\"column\" data-settings=\"{&quot;animation&quot;:&quot;fadeInRight&quot;,&quot;animation_delay&quot;:500}\">\n\t\t\t<div class=\"elementor-column-wrap elementor-element-populated\">\n\t\t\t\t\t\t\t<div class=\"elementor-widget-wrap\">\n\t\t\t\t\t\t<div class=\"elementor-element elementor-element-5ba3e72 elementor-widget elementor-widget-image\" data-id=\"5ba3e72\" data-element_type=\"widget\" data-widget_type=\"image.default\">\n\t\t\t\t<div class=\"elementor-widget-container\">\n\t\t\t\t\t\t\t\t<div class=\"elementor-image\">\n\t\t\t\t\t\t\t\t\t\t\t\t\t<a href=\"https:\/\/heizzeit.com\/wordpress\/wp-content\/uploads\/2018\/11\/Holz_1.jpg\" data-elementor-open-lightbox=\"yes\" data-elementor-lightbox-title=\"Holz_1\" e-action-hash=\"#elementor-action%3Aaction%3Dlightbox%26settings%3DeyJpZCI6NzAsInVybCI6Imh0dHBzOlwvXC9oZWl6emVpdC5jb21cL3dvcmRwcmVzc1wvd3AtY29udGVudFwvdXBsb2Fkc1wvMjAxOFwvMTFcL0hvbHpfMS5qcGcifQ%3D%3D\">\n\t\t\t\t\t\t\t<img decoding=\"async\" width=\"940\" height=\"705\" src=\"https:\/\/heizzeit.com\/wordpress\/wp-content\/uploads\/2018\/11\/Holz_1-1024x768.jpg\" class=\"attachment-large size-large wp-image-70\" alt=\"heizzeit\" loading=\"lazy\" srcset=\"https:\/\/heizzeit.com\/wordpress\/wp-content\/uploads\/2018\/11\/Holz_1-1024x768.jpg 1024w, https:\/\/heizzeit.com\/wordpress\/wp-content\/uploads\/2018\/11\/Holz_1-300x225.jpg 300w, https:\/\/heizzeit.com\/wordpress\/wp-content\/uploads\/2018\/11\/Holz_1-768x576.jpg 768w, https:\/\/heizzeit.com\/wordpress\/wp-content\/uploads\/2018\/11\/Holz_1-350x263.jpg 350w, https:\/\/heizzeit.com\/wordpress\/wp-content\/uploads\/2018\/11\/Holz_1-700x525.jpg 700w, https:\/\/heizzeit.com\/wordpress\/wp-content\/uploads\/2018\/11\/Holz_1.jpg 1200w\" sizes=\"(max-width: 940px) 100vw, 940px\" \/>\t\t\t\t\t\t\t\t<\/a>\n\t\t\t\t\t\t\t\t\t\t\t\t\t\t<\/div>\n\t\t\t\t\t\t<\/div>\n\t\t\t\t<\/div>\n\t\t\t\t\t\t<\/div>\n\t\t\t\t\t<\/div>\n\t\t<\/div>\n\t\t\t\t\t\t\t\t<\/div>\n\t\t\t\t\t<\/div>\n\t\t<\/section>\n\t\t\t\t<section class=\"elementor-section elementor-top-section elementor-element elementor-element-446af481 elementor-section-boxed elementor-section-height-default elementor-section-height-default\" data-id=\"446af481\" data-element_type=\"section\">\n\t\t\t\t\t\t<div class=\"elementor-container elementor-column-gap-default\">\n\t\t\t\t\t\t\t<div class=\"elementor-row\">\n\t\t\t\t\t<div class=\"elementor-column elementor-col-50 elementor-top-column elementor-element elementor-element-13316534\" data-id=\"13316534\" data-element_type=\"column\">\n\t\t\t<div class=\"elementor-column-wrap elementor-element-populated\">\n\t\t\t\t\t\t\t<div class=\"elementor-widget-wrap\">\n\t\t\t\t\t\t<div class=\"elementor-element elementor-element-33cee497 elementor-widget elementor-widget-text-editor\" data-id=\"33cee497\" data-element_type=\"widget\" data-widget_type=\"text-editor.default\">\n\t\t\t\t<div class=\"elementor-widget-container\">\n\t\t\t\t\t\t\t\t<div class=\"elementor-text-editor elementor-clearfix\">\n\t\t\t\t<p style=\"text-align: left;\"><span style=\"font-size: 18pt; color: #f3be08;\"><strong>Frisches Brennholz <br \/><\/strong><\/span><\/p><p style=\"text-align: left;\">\u00a0<\/p>\t\t\t\t\t<\/div>\n\t\t\t\t\t\t<\/div>\n\t\t\t\t<\/div>\n\t\t\t\t<div class=\"elementor-element elementor-element-9c24b6a elementor-widget elementor-widget-text-editor\" data-id=\"9c24b6a\" data-element_type=\"widget\" data-widget_type=\"text-editor.default\">\n\t\t\t\t<div class=\"elementor-widget-container\">\n\t\t\t\t\t\t\t\t<div class=\"elementor-text-editor elementor-clearfix\">\n\t\t\t\t<p style=\"text-align: left;\"><span style=\"font-size: 14pt;\"><em><span style=\"color: #f3be08;\"><strong>f\u00fcr Selbertrockner<br \/><\/strong><\/span><\/em><\/span><\/p><p style=\"text-align: left;\">\u00a0<\/p>\t\t\t\t\t<\/div>\n\t\t\t\t\t\t<\/div>\n\t\t\t\t<\/div>\n\t\t\t\t<div class=\"elementor-element elementor-element-37cdbb3d elementor-widget elementor-widget-text-editor\" data-id=\"37cdbb3d\" data-element_type=\"widget\" data-widget_type=\"text-editor.default\">\n\t\t\t\t<div class=\"elementor-widget-container\">\n\t\t\t\t\t\t\t\t<div class=\"elementor-text-editor elementor-clearfix\">\n\t\t\t\t<p style=\"text-align: left;\">W\u00e4hrend unser kammergetrocknetes Holz in den Trockenkammern unserer zuverl\u00e4ssigen Lieferanten produziert wird, stammt unser frisches Brennholz aus eigenem Einschlag in regionalen W\u00e4ldern. Wir liefern das Holz in ofenfertigen Wunschl\u00e4ngen oder in Scheiten von 1 Meter L\u00e4nge.<\/p><p style=\"text-align: left;\">Auch bei dem waldfrischen Brenn- und Kaminholz konzentrieren wir uns haupts\u00e4chlich auf Buchenholz. Gelegentlich bieten wir andere Holzsorten (Eiche, Birke, Ahorn oder Nadelholz) an. Auf diese Aktionen wird in der Regel gesondert hingewiesen.<\/p><p style=\"text-align: left;\">Sie k\u00f6nnen Ihr Holz bei uns abholen oder es sich zu einem fairen Preis liefern lassen.<\/p><p style=\"text-align: left;\">\u00dcberzeugen Sie sich von der Qualit\u00e4t unserer Produkte und unserem Service!<\/p><p style=\"text-align: left;\"><span style=\"color: #ffcc00;\">Wir freuen uns auf Sie und w\u00fcnschen Ihnen eine angenehme Heizzeit!<\/span><\/p>\t\t\t\t\t<\/div>\n\t\t\t\t\t\t<\/div>\n\t\t\t\t<\/div>\n\t\t\t\t\t\t<\/div>\n\t\t\t\t\t<\/div>\n\t\t<\/div>\n\t\t\t\t<div class=\"elementor-column elementor-col-50 elementor-top-column elementor-element elementor-element-76122b67 animated-slow elementor-invisible\" data-id=\"76122b67\" data-element_type=\"column\" data-settings=\"{&quot;animation&quot;:&quot;fadeInRight&quot;,&quot;animation_delay&quot;:1000}\">\n\t\t\t<div class=\"elementor-column-wrap elementor-element-populated\">\n\t\t\t\t\t\t\t<div class=\"elementor-widget-wrap\">\n\t\t\t\t\t\t<div class=\"elementor-element elementor-element-4a980f72 elementor-widget elementor-widget-image\" data-id=\"4a980f72\" data-element_type=\"widget\" data-widget_type=\"image.default\">\n\t\t\t\t<div class=\"elementor-widget-container\">\n\t\t\t\t\t\t\t\t<div class=\"elementor-image\">\n\t\t\t\t\t\t\t\t\t\t\t\t\t<a href=\"https:\/\/heizzeit.com\/wordpress\/wp-content\/uploads\/2018\/11\/frischHolz_1920.jpg\" data-elementor-open-lightbox=\"yes\" data-elementor-lightbox-title=\"frischHolz_1920\" e-action-hash=\"#elementor-action%3Aaction%3Dlightbox%26settings%3DeyJpZCI6MTY0LCJ1cmwiOiJodHRwczpcL1wvaGVpenplaXQuY29tXC93b3JkcHJlc3NcL3dwLWNvbnRlbnRcL3VwbG9hZHNcLzIwMThcLzExXC9mcmlzY2hIb2x6XzE5MjAuanBnIn0%3D\">\n\t\t\t\t\t\t\t<img decoding=\"async\" width=\"768\" height=\"512\" src=\"https:\/\/heizzeit.com\/wordpress\/wp-content\/uploads\/2018\/11\/frischHolz_1920-768x512.jpg\" class=\"attachment-medium_large size-medium_large wp-image-164\" alt=\"\" loading=\"lazy\" srcset=\"https:\/\/heizzeit.com\/wordpress\/wp-content\/uploads\/2018\/11\/frischHolz_1920-768x512.jpg 768w, https:\/\/heizzeit.com\/wordpress\/wp-content\/uploads\/2018\/11\/frischHolz_1920-300x200.jpg 300w, https:\/\/heizzeit.com\/wordpress\/wp-content\/uploads\/2018\/11\/frischHolz_1920-1024x683.jpg 1024w, https:\/\/heizzeit.com\/wordpress\/wp-content\/uploads\/2018\/11\/frischHolz_1920.jpg 1920w, https:\/\/heizzeit.com\/wordpress\/wp-content\/uploads\/2018\/11\/frischHolz_1920-350x233.jpg 350w, https:\/\/heizzeit.com\/wordpress\/wp-content\/uploads\/2018\/11\/frischHolz_1920-700x467.jpg 700w\" sizes=\"(max-width: 768px) 100vw, 768px\" \/>\t\t\t\t\t\t\t\t<\/a>\n\t\t\t\t\t\t\t\t\t\t\t\t\t\t<\/div>\n\t\t\t\t\t\t<\/div>\n\t\t\t\t<\/div>\n\t\t\t\t\t\t<\/div>\n\t\t\t\t\t<\/div>\n\t\t<\/div>\n\t\t\t\t\t\t\t\t<\/div>\n\t\t\t\t\t<\/div>\n\t\t<\/section>\n\t\t\t\t\t\t\t\t\t<\/div>\n\t\t\t<\/div>\n\t\t\t\t\t<\/div>\n\t\t","protected":false},"excerpt":{"rendered":"<p>Kammergetrocknetes Brennholz\u00a0 Das hochwertigste Brenn- und Kaminholz Wieso ist kammergetrocknetes Brennholz hochwertiger als luftgetrocknetes Brennholz? Hier gibt es gleich mehrere&hellip;<\/p>\n","protected":false},"author":1,"featured_media":0,"parent":0,"menu_order":0,"comment_status":"closed","ping_status":"closed","template":"elementor_header_footer","meta":[],"_links":{"self":[{"href":"https:\/\/heizzeit.com\/wordpress\/wp-json\/wp\/v2\/pages\/229"}],"collection":[{"href":"https:\/\/heizzeit.com\/wordpress\/wp-json\/wp\/v2\/pages"}],"about":[{"href":"https:\/\/heizzeit.com\/wordpress\/wp-json\/wp\/v2\/types\/page"}],"author":[{"embeddable":true,"href":"https:\/\/heizzeit.com\/wordpress\/wp-json\/wp\/v2\/users\/1"}],"replies":[{"embeddable":true,"href":"https:\/\/heizzeit.com\/wordpress\/wp-json\/wp\/v2\/comments?post=229"}],"version-history":[{"count":6,"href":"https:\/\/heizzeit.com\/wordpress\/wp-json\/wp\/v2\/pages\/229\/revisions"}],"predecessor-version":[{"id":284,"href":"https:\/\/heizzeit.com\/wordpress\/wp-json\/wp\/v2\/pages\/229\/revisions\/284"}],"wp:attachment":[{"href":"https:\/\/heizzeit.com\/wordpress\/wp-json\/wp\/v2\/media?parent=229"}],"curies":[{"name":"wp","href":"https:\/\/api.w.org\/{rel}","templated":true}]}}