{"id":233,"date":"2018-11-10T19:38:33","date_gmt":"2018-11-10T18:38:33","guid":{"rendered":"https:\/\/heizzeit.com\/wordpress\/?page_id=233"},"modified":"2018-11-10T23:42:46","modified_gmt":"2018-11-10T22:42:46","slug":"impressum","status":"publish","type":"page","link":"https:\/\/heizzeit.com\/wordpress\/impressum\/","title":{"rendered":"Impressum"},"content":{"rendered":"\t\t<div data-elementor-type=\"wp-post\" data-elementor-id=\"233\" class=\"elementor elementor-233 elementor-bc-flex-widget\">\n\t\t\t\t\t\t<div class=\"elementor-inner\">\n\t\t\t\t<div class=\"elementor-section-wrap\">\n\t\t\t\t\t\t\t\t\t<section class=\"elementor-section elementor-top-section elementor-element elementor-element-bbf8ad3 elementor-section-boxed elementor-section-height-default elementor-section-height-default\" data-id=\"bbf8ad3\" data-element_type=\"section\">\n\t\t\t\t\t\t<div class=\"elementor-container elementor-column-gap-default\">\n\t\t\t\t\t\t\t<div class=\"elementor-row\">\n\t\t\t\t\t<div class=\"elementor-column elementor-col-100 elementor-top-column elementor-element elementor-element-0fad6dd\" data-id=\"0fad6dd\" data-element_type=\"column\">\n\t\t\t<div class=\"elementor-column-wrap elementor-element-populated\">\n\t\t\t\t\t\t\t<div class=\"elementor-widget-wrap\">\n\t\t\t\t\t\t<div class=\"elementor-element elementor-element-bc3e43e elementor-widget elementor-widget-text-editor\" data-id=\"bc3e43e\" data-element_type=\"widget\" data-widget_type=\"text-editor.default\">\n\t\t\t\t<div class=\"elementor-widget-container\">\n\t\t\t\t\t\t\t\t<div class=\"elementor-text-editor elementor-clearfix\">\n\t\t\t\t<h2><span style=\"color: #ffcc00;\"><strong> IMPRESSUM<\/strong><\/span><\/h2><p>Stephan Humpl<br \/>Holzeinschlag- und R\u00fcckeunternehmen<br \/>Inhaber: Stephan Humpl<br \/>Daadener Stra\u00dfe 27<br \/>57299 Burbach<\/p><p>Tel.: <span style=\"color: #ffcc00;\">02736.298427<\/span><br \/>E-Mail: info@heizzeit.com<br \/>Web: <a href=\"www.heizzeit.com\">www.heizzeit.com<\/a><br \/>USt-IdNr.: DE259492771<\/p><p><span style=\"color: #ffcc00;\"><br \/><strong>Lagerverkauf und Abholung:<\/strong><\/span><\/p><p>Zur Eisenkaute 10<br \/>57299 Burbach<\/p><p><strong><span style=\"color: #ffcc00;\">Haftung f\u00fcr Inhalte<\/span><\/strong><\/p><p>Die Inhalte der Seiten wurden mit gr\u00f6\u00dfter Sorgfalt erstellt. F\u00fcr die Richtigkeit, Vollst\u00e4ndigkeit und Aktualit\u00e4t der Inhalte k\u00f6nnen wir jedoch keine Gew\u00e4hr \u00fcbernehmen.<\/p><p><strong><span style=\"color: #ffcc00;\">Urheberrechte<\/span><\/strong><\/p><p>Die durch die Seitenbetreiber erstellten Inhalte und Werke auf diesen Seiten unterliegen dem deutschen Urheberrecht. Die Vervielf\u00e4ltigung, Bearbeitung, Verbreitung und jede Art der Verwertung au\u00dferhalb der Grenzen des Urheberrechtes bed\u00fcrfen der schriftlichen Zustimmung des jeweiligen Autors bzw. Erstellers. Downloads und Kopien dieser Seite sind nur f\u00fcr den privaten, nicht kommerziellen Gebrauch gestattet. Soweit die Inhalte auf dieser Seite nicht vom Betreiber erstellt wurden, werden die Urheberrechte Dritter beachtet. Insbesondere werden Inhalte Dritter als solche gekennzeichnet. Sollten Sie trotzdem auf eine Urheberrechtsverletzung aufmerksam werden, bitten wir um einen entsprechenden Hinweis. Bei Bekanntwerden von Rechtsverletzungen werden wir derartige Inhalte umgehend entfernen.<\/p><p>Design CMS<\/p><p>agentur heinrich\u00a0 |\u00a0 marketing und komm<span style=\"color: #ffcc00;\"><strong>UNIKAT<\/strong><\/span>ion\u00a0 |\u00a0 <a href=\"http:\/\/www.agentur-heinrich.net\">www.agentur-heinrich.net<\/a><\/p>\t\t\t\t\t<\/div>\n\t\t\t\t\t\t<\/div>\n\t\t\t\t<\/div>\n\t\t\t\t\t\t<\/div>\n\t\t\t\t\t<\/div>\n\t\t<\/div>\n\t\t\t\t\t\t\t\t<\/div>\n\t\t\t\t\t<\/div>\n\t\t<\/section>\n\t\t\t\t\t\t\t\t\t<\/div>\n\t\t\t<\/div>\n\t\t\t\t\t<\/div>\n\t\t","protected":false},"excerpt":{"rendered":"<p>IMPRESSUM Stephan HumplHolzeinschlag- und R\u00fcckeunternehmenInhaber: Stephan HumplDaadener Stra\u00dfe 2757299 Burbach Tel.: 02736.298427E-Mail: info@heizzeit.comWeb: www.heizzeit.comUSt-IdNr.: DE259492771 Lagerverkauf und Abholung: Zur Eisenkaute&hellip;<\/p>\n","protected":false},"author":1,"featured_media":0,"parent":0,"menu_order":0,"comment_status":"closed","ping_status":"closed","template":"elementor_header_footer","meta":[],"_links":{"self":[{"href":"https:\/\/heizzeit.com\/wordpress\/wp-json\/wp\/v2\/pages\/233"}],"collection":[{"href":"https:\/\/heizzeit.com\/wordpress\/wp-json\/wp\/v2\/pages"}],"about":[{"href":"https:\/\/heizzeit.com\/wordpress\/wp-json\/wp\/v2\/types\/page"}],"author":[{"embeddable":true,"href":"https:\/\/heizzeit.com\/wordpress\/wp-json\/wp\/v2\/users\/1"}],"replies":[{"embeddable":true,"href":"https:\/\/heizzeit.com\/wordpress\/wp-json\/wp\/v2\/comments?post=233"}],"version-history":[{"count":3,"href":"https:\/\/heizzeit.com\/wordpress\/wp-json\/wp\/v2\/pages\/233\/revisions"}],"predecessor-version":[{"id":293,"href":"https:\/\/heizzeit.com\/wordpress\/wp-json\/wp\/v2\/pages\/233\/revisions\/293"}],"wp:attachment":[{"href":"https:\/\/heizzeit.com\/wordpress\/wp-json\/wp\/v2\/media?parent=233"}],"curies":[{"name":"wp","href":"https:\/\/api.w.org\/{rel}","templated":true}]}}